{"id":4667,"date":"2020-06-03T11:29:19","date_gmt":"2020-06-03T11:29:19","guid":{"rendered":"https:\/\/demo.pro.radio\/wp1\/blog-elementor\/"},"modified":"2025-12-02T01:10:54","modified_gmt":"2025-12-01T22:10:54","slug":"blog-elementor","status":"publish","type":"page","link":"https:\/\/www.kestelsevdalilari.com\/?page_id=4667","title":{"rendered":"Blog Elementor"},"content":{"rendered":"\t\t<div data-elementor-type=\"wp-page\" data-elementor-id=\"4667\" class=\"elementor elementor-4667\">\n\t\t\t\t\t\t<section class=\"elementor-section elementor-top-section elementor-element elementor-element-54bdd3d elementor-section-full_width elementor-section-height-default elementor-section-height-default\" data-id=\"54bdd3d\" data-element_type=\"section\" data-settings=\"{&quot;background_background&quot;:&quot;classic&quot;}\">\n\t\t\t\t\t\t<div class=\"elementor-container elementor-column-gap-default\">\n\t\t\t\t\t<div class=\"elementor-column elementor-col-100 elementor-top-column elementor-element elementor-element-e2490cd\" data-id=\"e2490cd\" data-element_type=\"column\">\n\t\t\t<div class=\"elementor-widget-wrap elementor-element-populated\">\n\t\t\t\t\t\t\t<\/div>\n\t\t<\/div>\n\t\t\t\t\t<\/div>\n\t\t<\/section>\n\t\t\t\t<section class=\"elementor-section elementor-top-section elementor-element elementor-element-233e371 elementor-section-boxed elementor-section-height-default elementor-section-height-default\" data-id=\"233e371\" data-element_type=\"section\" data-settings=\"{&quot;background_background&quot;:&quot;classic&quot;}\">\n\t\t\t\t\t\t<div class=\"elementor-container elementor-column-gap-default\">\n\t\t\t\t\t<div class=\"elementor-column elementor-col-100 elementor-top-column elementor-element elementor-element-c0d986b\" data-id=\"c0d986b\" data-element_type=\"column\">\n\t\t\t<div class=\"elementor-widget-wrap elementor-element-populated\">\n\t\t\t\t\t\t<div class=\"elementor-element elementor-element-104cede elementor-widget elementor-widget-proradio-elementor-category-grid\" data-id=\"104cede\" data-element_type=\"widget\" data-widget_type=\"proradio-elementor-category-grid.default\">\n\t\t\t\t<div class=\"elementor-widget-container\">\n\t\t\t\t\t\n\t\t<div id=\"gridqt-category-grid-4667\" class=\"proradio-container proradio-template-category-grid\">\n\t\t\t<div class=\"proradio-row\">\n\t\t\t\t\t\t\t\t\t\t<div class=\"proradio-col proradio-s12 proradio-m4 proradio-l4 proradio-catid-1\">\n\t\t\t\t\t\t\t<a class=\"proradio-cat-card proradio-negative \" href=\"https:\/\/www.kestelsevdalilari.com\/?cat=1\">\n\t\t\t\t\t\t\t\t\t\t\t\t\t\t\t\t<h6 class=\"proradio-caption__s\">Genel<\/h6>\n\t\t\t\t\t\t\t<\/a>\n\t\t\t\t\t\t<\/div>\n\t\t\t\t\t\t\t\t\t\t\t\t<div class=\"proradio-col proradio-s12 proradio-m4 proradio-l4 proradio-catid-2\">\n\t\t\t\t\t\t\t<a class=\"proradio-cat-card proradio-negative \" href=\"https:\/\/www.kestelsevdalilari.com\/?cat=2\">\n\t\t\t\t\t\t\t\t<img fetchpriority=\"high\" decoding=\"async\" src=\"https:\/\/www.kestelsevdalilari.com\/wp-content\/uploads\/2020\/06\/pr-event-14-1.jpg\" width=\"370\" height=\"208\" alt=\"DJ\" \/>\t\t\t\t\t\t\t\t<h6 class=\"proradio-caption__s\">DJ<\/h6>\n\t\t\t\t\t\t\t<\/a>\n\t\t\t\t\t\t<\/div>\n\t\t\t\t\t\t\t\t\t\t\t\t<div class=\"proradio-col proradio-s12 proradio-m4 proradio-l4 proradio-catid-3\">\n\t\t\t\t\t\t\t<a class=\"proradio-cat-card proradio-negative \" href=\"https:\/\/www.kestelsevdalilari.com\/?cat=3\">\n\t\t\t\t\t\t\t\t<img decoding=\"async\" src=\"https:\/\/www.kestelsevdalilari.com\/wp-content\/uploads\/2020\/06\/pr-cats-electronic-1.jpg\" width=\"370\" height=\"208\" alt=\"Electronic music\" \/>\t\t\t\t\t\t\t\t<h6 class=\"proradio-caption__s\">Electronic music<\/h6>\n\t\t\t\t\t\t\t<\/a>\n\t\t\t\t\t\t<\/div>\n\t\t\t\t\t\t\t\t\t\t\t\t<div class=\"proradio-col proradio-s12 proradio-m4 proradio-l4 proradio-catid-4\">\n\t\t\t\t\t\t\t<a class=\"proradio-cat-card proradio-negative \" href=\"https:\/\/www.kestelsevdalilari.com\/?cat=4\">\n\t\t\t\t\t\t\t\t<img decoding=\"async\" src=\"https:\/\/www.kestelsevdalilari.com\/wp-content\/uploads\/2020\/06\/pr-cats-events-1.jpg\" width=\"370\" height=\"208\" alt=\"Events\" \/>\t\t\t\t\t\t\t\t<h6 class=\"proradio-caption__s\">Events<\/h6>\n\t\t\t\t\t\t\t<\/a>\n\t\t\t\t\t\t<\/div>\n\t\t\t\t\t\t\t\t\t\t\t\t<div class=\"proradio-col proradio-s12 proradio-m4 proradio-l4 proradio-catid-5\">\n\t\t\t\t\t\t\t<a class=\"proradio-cat-card proradio-negative \" href=\"https:\/\/www.kestelsevdalilari.com\/?cat=5\">\n\t\t\t\t\t\t\t\t<img loading=\"lazy\" decoding=\"async\" src=\"https:\/\/www.kestelsevdalilari.com\/wp-content\/uploads\/2020\/06\/pr-cats-special-1.jpg\" width=\"370\" height=\"208\" alt=\"Featured\" \/>\t\t\t\t\t\t\t\t<h6 class=\"proradio-caption__s\">Featured<\/h6>\n\t\t\t\t\t\t\t<\/a>\n\t\t\t\t\t\t<\/div>\n\t\t\t\t\t\t\t\t\t\t\t\t<div class=\"proradio-col proradio-s12 proradio-m4 proradio-l4 proradio-catid-6\">\n\t\t\t\t\t\t\t<a class=\"proradio-cat-card proradio-negative \" href=\"https:\/\/www.kestelsevdalilari.com\/?cat=6\">\n\t\t\t\t\t\t\t\t<img loading=\"lazy\" decoding=\"async\" src=\"https:\/\/www.kestelsevdalilari.com\/wp-content\/uploads\/2020\/06\/pr-cats-high-1.jpg\" width=\"370\" height=\"208\" alt=\"Highlights\" \/>\t\t\t\t\t\t\t\t<h6 class=\"proradio-caption__s\">Highlights<\/h6>\n\t\t\t\t\t\t\t<\/a>\n\t\t\t\t\t\t<\/div>\n\t\t\t\t\t\t\t\t\t<\/div>\n\t\t<\/div>\n\t\t\t\t\t\t<\/div>\n\t\t\t\t<\/div>\n\t\t\t\t\t<\/div>\n\t\t<\/div>\n\t\t\t\t\t<\/div>\n\t\t<\/section>\n\t\t\t\t<section class=\"elementor-section elementor-top-section elementor-element elementor-element-894651e elementor-section-boxed elementor-section-height-default elementor-section-height-default\" data-id=\"894651e\" data-element_type=\"section\">\n\t\t\t\t\t\t<div class=\"elementor-container elementor-column-gap-default\">\n\t\t\t\t\t<div class=\"elementor-column elementor-col-66 elementor-top-column elementor-element elementor-element-b998b55\" data-id=\"b998b55\" data-element_type=\"column\">\n\t\t\t<div class=\"elementor-widget-wrap elementor-element-populated\">\n\t\t\t\t\t\t\t<\/div>\n\t\t<\/div>\n\t\t\t\t<div class=\"elementor-column elementor-col-33 elementor-top-column elementor-element elementor-element-cf6b1bf\" data-id=\"cf6b1bf\" data-element_type=\"column\">\n\t\t\t<div class=\"elementor-widget-wrap elementor-element-populated\">\n\t\t\t\t\t\t\t<\/div>\n\t\t<\/div>\n\t\t\t\t\t<\/div>\n\t\t<\/section>\n\t\t\t\t<section class=\"elementor-section elementor-top-section elementor-element elementor-element-5da2e94 elementor-section-boxed elementor-section-height-default elementor-section-height-default\" data-id=\"5da2e94\" data-element_type=\"section\">\n\t\t\t\t\t\t<div class=\"elementor-container elementor-column-gap-default\">\n\t\t\t\t\t<div class=\"elementor-column elementor-col-33 elementor-top-column elementor-element elementor-element-e57a18a\" data-id=\"e57a18a\" data-element_type=\"column\">\n\t\t\t<div class=\"elementor-widget-wrap elementor-element-populated\">\n\t\t\t\t\t\t\t<\/div>\n\t\t<\/div>\n\t\t\t\t<div class=\"elementor-column elementor-col-66 elementor-top-column elementor-element elementor-element-5b982fc\" data-id=\"5b982fc\" data-element_type=\"column\">\n\t\t\t<div class=\"elementor-widget-wrap elementor-element-populated\">\n\t\t\t\t\t\t\t<\/div>\n\t\t<\/div>\n\t\t\t\t\t<\/div>\n\t\t<\/section>\n\t\t\t\t<section class=\"elementor-section elementor-top-section elementor-element elementor-element-ca2d4bd elementor-section-stretched elementor-section-full_width elementor-section-height-default elementor-section-height-default\" data-id=\"ca2d4bd\" data-element_type=\"section\" data-settings=\"{&quot;stretch_section&quot;:&quot;section-stretched&quot;,&quot;background_background&quot;:&quot;classic&quot;}\">\n\t\t\t\t\t\t<div class=\"elementor-container elementor-column-gap-default\">\n\t\t\t\t\t<div class=\"elementor-column elementor-col-100 elementor-top-column elementor-element elementor-element-6d34de2\" data-id=\"6d34de2\" data-element_type=\"column\">\n\t\t\t<div class=\"elementor-widget-wrap elementor-element-populated\">\n\t\t\t\t\t\t<div class=\"elementor-element elementor-element-7022e76 elementor-widget elementor-widget-proradio-elementor-section-caption\" data-id=\"7022e76\" data-element_type=\"widget\" data-widget_type=\"proradio-elementor-section-caption.default\">\n\t\t\t\t<div class=\"elementor-widget-container\">\n\t\t\t\t\t\n\t\t<div class=\"proradio-section-caption  proradio-section-caption--m\">\n\n\t\t\t\t\t<div>\n\t\t\t<h4  class=\"proradio-element-caption proradio-caption  proradio-caption__m proradio-caption--neg center proradio-center proradio-caption__c proradio-anim  \" data-qtwaypoints-offset=\"30\" data-qtwaypoints>\t\t\t\t<span>POST CAROUSEL<\/span>\n\t\t\t\t<\/h4>\t\t<\/div>\n\t\t\t\t\t\t<hr class=\"proradio-spacer-s\">\n\t\t\t\t\t\t\t\t<h2 id=\"proradiotabsfbccb-blognews\" class=\"proradio-center proradio-capfont proradio-proradiotabsfbccb-blognews proradio-txtfx-oslo-container proradio-textfx-wrap \">\n\t\t\t\t\t\t\t\t\t\t\t\t<span class=\"proradio-txtfx proradio-txtfx--oslo\" data-qtwaypoints-offset=\"50\" data-qtwaypoints >\n\t\t\t\t\t\t\t\t<span>B<\/span><span>L<\/span><span>O<\/span><span>G<\/span><span> <\/span><span>N<\/span><span>E<\/span><span>W<\/span><span>S<\/span>\t\t\t\t\t\t\t<\/span>\n\t\t\t\t\t\t\t\t\t\t\t<\/h2>\n\t\t\t\t\t\t<\/div>\n\t\t\t\t<div data-proradio-customstyles=\".proradio-proradiotabsfbccb-blognews .proradio-txtfx--oslo span  { color: #FFFFFF}\n\t\t\t\t\t\t\t.proradio-proradiotabsfbccb-blognews .proradio-txtfx--oslo.proradio-active span  { color: #FFFFFF}\n\t\t\t\t\t\t\t.proradio-proradiotabsfbccb-blognews .proradio-txtfx--oslo::before { border-color: #FF0056}\"><\/div>\n\t\t\t\t\t\t<\/div>\n\t\t\t\t<\/div>\n\t\t\t\t\t<\/div>\n\t\t<\/div>\n\t\t\t\t\t<\/div>\n\t\t<\/section>\n\t\t\t\t<section class=\"elementor-section elementor-top-section elementor-element elementor-element-32d04df elementor-section-boxed elementor-section-height-default elementor-section-height-default\" data-id=\"32d04df\" data-element_type=\"section\">\n\t\t\t\t\t\t<div class=\"elementor-container elementor-column-gap-wide\">\n\t\t\t\t\t<div class=\"elementor-column elementor-col-66 elementor-top-column elementor-element elementor-element-eb0dd35\" data-id=\"eb0dd35\" data-element_type=\"column\">\n\t\t\t<div class=\"elementor-widget-wrap elementor-element-populated\">\n\t\t\t\t\t\t\t<\/div>\n\t\t<\/div>\n\t\t\t\t<div class=\"elementor-column elementor-col-33 elementor-top-column elementor-element elementor-element-48fef12\" data-id=\"48fef12\" data-element_type=\"column\">\n\t\t\t<div class=\"elementor-widget-wrap elementor-element-populated\">\n\t\t\t\t\t\t<div class=\"elementor-element elementor-element-bd78e4a elementor-widget elementor-widget-proradio-elementor-qt-caption\" data-id=\"bd78e4a\" data-element_type=\"widget\" data-widget_type=\"proradio-elementor-qt-caption.default\">\n\t\t\t\t<div class=\"elementor-widget-container\">\n\t\t\t\t\t\t\t<div>\n\t\t\t<h3  class=\"proradio-element-caption proradio-caption  proradio-caption__s  \" data-qtwaypoints-offset=\"30\" data-qtwaypoints>\t\t\t\t<span>WEEK SELECTION<\/span>\n\t\t\t\t<\/h3>\t\t<\/div>\n\t\t\t\t\t\t<\/div>\n\t\t\t\t<\/div>\n\t\t\t\t<div class=\"elementor-element elementor-element-2399674 elementor-widget elementor-widget-proradio-elementor-post-inline\" data-id=\"2399674\" data-element_type=\"widget\" data-widget_type=\"proradio-elementor-post-inline.default\">\n\t\t\t\t<div class=\"elementor-widget-container\">\n\t\t\t\t\t\t\t\t<div id=\"qttmelementor-grid-db564db9\" class=\"proradio-post-inline-container\">\n\n\t\t\t\t\t\t\t\n\t\t\t\t\n\t\t\t\t<div id=\"qttmelementor-list-db564db9\" class=\"proradio-post-inline-horizontal\">\n\n\t\t\t\t\t<article class=\"proradio-post proradio-post__inline proradio-paper post-1 post type-post status-publish format-standard has-post-thumbnail hentry category-genel\" data-qtwaypoints>\n\t\t\t<a class=\"proradio-thumb proradio-duotone\" href=\"https:\/\/www.kestelsevdalilari.com\/?p=1\">\n\t\t\t<img loading=\"lazy\" decoding=\"async\" width=\"100\" height=\"100\" src=\"https:\/\/www.kestelsevdalilari.com\/wp-content\/uploads\/2025\/11\/Firefly_Gemini-Flash_A-cinematic-photograph-of-a-vintage-studio-microphone-placed-on-a-high-hill-overlooki-595428-100x100.png\" class=\"proradio-post__thumb wp-post-image\" alt=\"Kestel Sevdal\u0131lar\u0131 Radyo Yay\u0131nda\" srcset=\"https:\/\/www.kestelsevdalilari.com\/wp-content\/uploads\/2025\/11\/Firefly_Gemini-Flash_A-cinematic-photograph-of-a-vintage-studio-microphone-placed-on-a-high-hill-overlooki-595428-100x100.png 100w, https:\/\/www.kestelsevdalilari.com\/wp-content\/uploads\/2025\/11\/Firefly_Gemini-Flash_A-cinematic-photograph-of-a-vintage-studio-microphone-placed-on-a-high-hill-overlooki-595428-150x150.png 150w, https:\/\/www.kestelsevdalilari.com\/wp-content\/uploads\/2025\/11\/Firefly_Gemini-Flash_A-cinematic-photograph-of-a-vintage-studio-microphone-placed-on-a-high-hill-overlooki-595428-370x370.png 370w\" sizes=\"(max-width: 100px) 100vw, 100px\" \/>\t\t<\/a>\n\t\t\t<h6 class=\"proradio-post__title proradio-h5 proradio-cutme-t-3\"><a href=\"https:\/\/www.kestelsevdalilari.com\/?p=1\">Kestel Sevdal\u0131lar\u0131 Radyo Yay\u0131nda<\/a><\/h6>\n<\/article><article class=\"proradio-post proradio-post__inline proradio-paper post-275 post type-post status-publish format-video has-post-thumbnail hentry category-dj category-news category-video-stories category-world tag-authors tag-cool-music tag-dj tag-music-club tag-music-themes tag-music-wordpress-themes post_format-post-format-video\" data-qtwaypoints>\n\t\t\t<a class=\"proradio-thumb proradio-duotone\" href=\"https:\/\/www.kestelsevdalilari.com\/?p=275\">\n\t\t\t<img loading=\"lazy\" decoding=\"async\" width=\"100\" height=\"100\" src=\"https:\/\/www.kestelsevdalilari.com\/wp-content\/uploads\/2020\/04\/pexels-fox-58267-8476438-100x100.jpg\" class=\"proradio-post__thumb wp-post-image\" alt=\"\u015eark\u0131n\u0131 Se\u00e7, Kestel Dinlesin\" srcset=\"https:\/\/www.kestelsevdalilari.com\/wp-content\/uploads\/2020\/04\/pexels-fox-58267-8476438-100x100.jpg 100w, https:\/\/www.kestelsevdalilari.com\/wp-content\/uploads\/2020\/04\/pexels-fox-58267-8476438-150x150.jpg 150w, https:\/\/www.kestelsevdalilari.com\/wp-content\/uploads\/2020\/04\/pexels-fox-58267-8476438-370x370.jpg 370w\" sizes=\"(max-width: 100px) 100vw, 100px\" \/>\t\t<\/a>\n\t\t\t<h6 class=\"proradio-post__title proradio-h5 proradio-cutme-t-3\"><a href=\"https:\/\/www.kestelsevdalilari.com\/?p=275\">\u015eark\u0131n\u0131 Se\u00e7, Kestel Dinlesin<\/a><\/h6>\n<\/article><article class=\"proradio-post proradio-post__inline proradio-paper post-99 post type-post status-publish format-standard has-post-thumbnail hentry category-events category-featured category-news category-world tag-cool-music tag-music tag-music-themes tag-music-wordpress-themes tag-party tag-techno\" data-qtwaypoints>\n\t\t\t<a class=\"proradio-thumb proradio-duotone\" href=\"https:\/\/www.kestelsevdalilari.com\/?p=99\">\n\t\t\t<img loading=\"lazy\" decoding=\"async\" width=\"100\" height=\"100\" src=\"https:\/\/www.kestelsevdalilari.com\/wp-content\/uploads\/2020\/04\/Firefly_Gemini-Flash_Black-and-white-or-sepia-tone-vintage-photograph-of-an-old-radio-on-a-lace-tablecloth-772346-100x100.png\" class=\"proradio-post__thumb wp-post-image\" alt=\"Bir Zamanlar Kestel\" srcset=\"https:\/\/www.kestelsevdalilari.com\/wp-content\/uploads\/2020\/04\/Firefly_Gemini-Flash_Black-and-white-or-sepia-tone-vintage-photograph-of-an-old-radio-on-a-lace-tablecloth-772346-100x100.png 100w, https:\/\/www.kestelsevdalilari.com\/wp-content\/uploads\/2020\/04\/Firefly_Gemini-Flash_Black-and-white-or-sepia-tone-vintage-photograph-of-an-old-radio-on-a-lace-tablecloth-772346-150x150.png 150w, https:\/\/www.kestelsevdalilari.com\/wp-content\/uploads\/2020\/04\/Firefly_Gemini-Flash_Black-and-white-or-sepia-tone-vintage-photograph-of-an-old-radio-on-a-lace-tablecloth-772346-370x370.png 370w\" sizes=\"(max-width: 100px) 100vw, 100px\" \/>\t\t<\/a>\n\t\t\t<h6 class=\"proradio-post__title proradio-h5 proradio-cutme-t-3\"><a href=\"https:\/\/www.kestelsevdalilari.com\/?p=99\">Bir Zamanlar Kestel<\/a><\/h6>\n<\/article><article class=\"proradio-post proradio-post__inline proradio-paper post-268 post type-post status-publish format-standard has-post-thumbnail hentry category-music category-news category-world tag-cool-music tag-edm tag-music-wordpress-themes tag-party tag-singer\" data-qtwaypoints>\n\t\t\t<a class=\"proradio-thumb proradio-duotone\" href=\"https:\/\/www.kestelsevdalilari.com\/?p=268\">\n\t\t\t<img loading=\"lazy\" decoding=\"async\" width=\"100\" height=\"100\" src=\"https:\/\/www.kestelsevdalilari.com\/wp-content\/uploads\/2020\/04\/pexels-esrakorkmaz-14476399-100x100.jpg\" class=\"proradio-post__thumb wp-post-image\" alt=\"Bir Fincan Kahve, Bir Radyo: Kom\u015fulu\u011fu Yeniden Hat\u0131rlayal\u0131m\" srcset=\"https:\/\/www.kestelsevdalilari.com\/wp-content\/uploads\/2020\/04\/pexels-esrakorkmaz-14476399-100x100.jpg 100w, https:\/\/www.kestelsevdalilari.com\/wp-content\/uploads\/2020\/04\/pexels-esrakorkmaz-14476399-150x150.jpg 150w, https:\/\/www.kestelsevdalilari.com\/wp-content\/uploads\/2020\/04\/pexels-esrakorkmaz-14476399-370x370.jpg 370w\" sizes=\"(max-width: 100px) 100vw, 100px\" \/>\t\t<\/a>\n\t\t\t<h6 class=\"proradio-post__title proradio-h5 proradio-cutme-t-3\"><a href=\"https:\/\/www.kestelsevdalilari.com\/?p=268\">Bir Fincan Kahve, Bir Radyo: Kom\u015fulu\u011fu Yeniden Hat\u0131rlayal\u0131m<\/a><\/h6>\n<\/article><article class=\"proradio-post proradio-post__inline proradio-paper post-93 post type-post status-publish format-standard has-post-thumbnail hentry category-electronic-music category-news category-world tag-authors tag-cool-music tag-music-club tag-music-themes tag-music-wordpress-themes tag-post-formats\" data-qtwaypoints>\n\t\t\t<a class=\"proradio-thumb proradio-duotone\" href=\"https:\/\/www.kestelsevdalilari.com\/?p=93\">\n\t\t\t<img loading=\"lazy\" decoding=\"async\" width=\"100\" height=\"100\" src=\"https:\/\/www.kestelsevdalilari.com\/wp-content\/uploads\/2020\/04\/Firefly_Gemini-Flash_Cinematic-shot-of-a-lonely-person-looking-out-of-a-rainy-window-in-a-modern-european-30482-100x100.png\" class=\"proradio-post__thumb wp-post-image\" alt=\"Gurbetteki Kestel\u2019e Selam Olsun\" srcset=\"https:\/\/www.kestelsevdalilari.com\/wp-content\/uploads\/2020\/04\/Firefly_Gemini-Flash_Cinematic-shot-of-a-lonely-person-looking-out-of-a-rainy-window-in-a-modern-european-30482-100x100.png 100w, https:\/\/www.kestelsevdalilari.com\/wp-content\/uploads\/2020\/04\/Firefly_Gemini-Flash_Cinematic-shot-of-a-lonely-person-looking-out-of-a-rainy-window-in-a-modern-european-30482-150x150.png 150w, https:\/\/www.kestelsevdalilari.com\/wp-content\/uploads\/2020\/04\/Firefly_Gemini-Flash_Cinematic-shot-of-a-lonely-person-looking-out-of-a-rainy-window-in-a-modern-european-30482-370x370.png 370w\" sizes=\"(max-width: 100px) 100vw, 100px\" \/>\t\t<\/a>\n\t\t\t<h6 class=\"proradio-post__title proradio-h5 proradio-cutme-t-3\"><a href=\"https:\/\/www.kestelsevdalilari.com\/?p=93\">Gurbetteki Kestel\u2019e Selam Olsun<\/a><\/h6>\n<\/article>\t\t\t\t\t\n\t\t\t\t<\/div>\n\t\t\t<\/div>\n\t\t\t\t\t\t\t<\/div>\n\t\t\t\t<\/div>\n\t\t\t\t\t<\/div>\n\t\t<\/div>\n\t\t\t\t\t<\/div>\n\t\t<\/section>\n\t\t\t\t<section class=\"elementor-section elementor-top-section elementor-element elementor-element-186d1d0 elementor-section-stretched elementor-section-full_width elementor-section-height-default elementor-section-height-default\" data-id=\"186d1d0\" data-element_type=\"section\" data-settings=\"{&quot;stretch_section&quot;:&quot;section-stretched&quot;,&quot;background_background&quot;:&quot;classic&quot;}\">\n\t\t\t\t\t\t\t<div class=\"elementor-background-overlay\"><\/div>\n\t\t\t\t\t\t\t<div class=\"elementor-container elementor-column-gap-default\">\n\t\t\t\t\t<div class=\"elementor-column elementor-col-100 elementor-top-column elementor-element elementor-element-c1c9f4c\" data-id=\"c1c9f4c\" data-element_type=\"column\" data-settings=\"{&quot;background_background&quot;:&quot;classic&quot;}\">\n\t\t\t<div class=\"elementor-widget-wrap elementor-element-populated\">\n\t\t\t\t\t\t<div class=\"elementor-element elementor-element-031fc10 elementor-widget elementor-widget-proradio-elementor-section-caption\" data-id=\"031fc10\" data-element_type=\"widget\" data-widget_type=\"proradio-elementor-section-caption.default\">\n\t\t\t\t<div class=\"elementor-widget-container\">\n\t\t\t\t\t\n\t\t<div class=\"proradio-section-caption  proradio-section-caption--m\">\n\n\t\t\t\t\t<div>\n\t\t\t<h4  class=\"proradio-element-caption proradio-caption  proradio-caption__m proradio-caption--neg center proradio-center proradio-caption__c proradio-anim  \" data-qtwaypoints-offset=\"30\" data-qtwaypoints>\t\t\t\t<span>POST GRID<\/span>\n\t\t\t\t<\/h4>\t\t<\/div>\n\t\t\t\t\t\t<hr class=\"proradio-spacer-s\">\n\t\t\t\t\t\t\t\t<h2 id=\"proradiotabsfbcce-featurednews\" class=\"proradio-center proradio-capfont proradio-proradiotabsfbcce-featurednews proradio-txtfx-oslo-container proradio-textfx-wrap \">\n\t\t\t\t\t\t\t\t\t\t\t\t<span class=\"proradio-txtfx proradio-txtfx--oslo\" data-qtwaypoints-offset=\"50\" data-qtwaypoints >\n\t\t\t\t\t\t\t\t<span>F<\/span><span>E<\/span><span>A<\/span><span>T<\/span><span>U<\/span><span>R<\/span><span>E<\/span><span>D<\/span><span> <\/span><span>N<\/span><span>E<\/span><span>W<\/span><span>S<\/span>\t\t\t\t\t\t\t<\/span>\n\t\t\t\t\t\t\t\t\t\t\t<\/h2>\n\t\t\t\t\t\t<\/div>\n\t\t\t\t<div data-proradio-customstyles=\".proradio-proradiotabsfbcce-featurednews .proradio-txtfx--oslo span  { color: #FFFFFF}\n\t\t\t\t\t\t\t.proradio-proradiotabsfbcce-featurednews .proradio-txtfx--oslo.proradio-active span  { color: #FFFFFF}\n\t\t\t\t\t\t\t.proradio-proradiotabsfbcce-featurednews .proradio-txtfx--oslo::before { border-color: #FF0056}\"><\/div>\n\t\t\t\t\t\t<\/div>\n\t\t\t\t<\/div>\n\t\t\t\t\t<\/div>\n\t\t<\/div>\n\t\t\t\t\t<\/div>\n\t\t<\/section>\n\t\t\t\t<section class=\"elementor-section elementor-top-section elementor-element elementor-element-020cd54 elementor-section-boxed elementor-section-height-default elementor-section-height-default\" data-id=\"020cd54\" data-element_type=\"section\">\n\t\t\t\t\t\t<div class=\"elementor-container elementor-column-gap-default\">\n\t\t\t\t\t<div class=\"elementor-column elementor-col-100 elementor-top-column elementor-element elementor-element-0581de0\" data-id=\"0581de0\" data-element_type=\"column\">\n\t\t\t<div class=\"elementor-widget-wrap elementor-element-populated\">\n\t\t\t\t\t\t\t<\/div>\n\t\t<\/div>\n\t\t\t\t\t<\/div>\n\t\t<\/section>\n\t\t\t\t<section class=\"elementor-section elementor-top-section elementor-element elementor-element-07a135a elementor-section-stretched elementor-section-boxed elementor-section-height-default elementor-section-height-default\" data-id=\"07a135a\" data-element_type=\"section\" data-settings=\"{&quot;stretch_section&quot;:&quot;section-stretched&quot;,&quot;background_background&quot;:&quot;classic&quot;}\">\n\t\t\t\t\t\t<div class=\"elementor-container elementor-column-gap-default\">\n\t\t\t\t\t<div class=\"elementor-column elementor-col-100 elementor-top-column elementor-element elementor-element-3b75f8c\" data-id=\"3b75f8c\" data-element_type=\"column\">\n\t\t\t<div class=\"elementor-widget-wrap elementor-element-populated\">\n\t\t\t\t\t\t\t<\/div>\n\t\t<\/div>\n\t\t\t\t\t<\/div>\n\t\t<\/section>\n\t\t\t\t<\/div>\n\t\t","protected":false},"excerpt":{"rendered":"<p>DJ Music, Economics, and Beyond https:\/\/www.youtube.com\/watch?v=eVCfp8WuAA0 The whole point of digital music is the risk-free grazing&#8221; Cory Doctorow, Canadian journalist and co-editor and of the off-beat blog Boing Boing, is an activist in favor of liberalizing copyright laws and a proponent of the Creative Commons non-profit organization devoted to expanding ...<\/p>\n","protected":false},"author":1,"featured_media":0,"parent":0,"menu_order":0,"comment_status":"closed","ping_status":"closed","template":"page-visualcomposer.php","meta":{"footnotes":""},"class_list":["post-4667","page","type-page","status-publish","hentry"],"_links":{"self":[{"href":"https:\/\/www.kestelsevdalilari.com\/index.php?rest_route=\/wp\/v2\/pages\/4667","targetHints":{"allow":["GET"]}}],"collection":[{"href":"https:\/\/www.kestelsevdalilari.com\/index.php?rest_route=\/wp\/v2\/pages"}],"about":[{"href":"https:\/\/www.kestelsevdalilari.com\/index.php?rest_route=\/wp\/v2\/types\/page"}],"author":[{"embeddable":true,"href":"https:\/\/www.kestelsevdalilari.com\/index.php?rest_route=\/wp\/v2\/users\/1"}],"replies":[{"embeddable":true,"href":"https:\/\/www.kestelsevdalilari.com\/index.php?rest_route=%2Fwp%2Fv2%2Fcomments&post=4667"}],"version-history":[{"count":14,"href":"https:\/\/www.kestelsevdalilari.com\/index.php?rest_route=\/wp\/v2\/pages\/4667\/revisions"}],"predecessor-version":[{"id":6399,"href":"https:\/\/www.kestelsevdalilari.com\/index.php?rest_route=\/wp\/v2\/pages\/4667\/revisions\/6399"}],"wp:attachment":[{"href":"https:\/\/www.kestelsevdalilari.com\/index.php?rest_route=%2Fwp%2Fv2%2Fmedia&parent=4667"}],"curies":[{"name":"wp","href":"https:\/\/api.w.org\/{rel}","templated":true}]}}